{"id":151,"date":"2022-01-05T14:53:28","date_gmt":"2022-01-05T13:53:28","guid":{"rendered":"https:\/\/acronyc.de\/produkt\/hoodie-with-logo\/"},"modified":"2026-03-29T14:10:51","modified_gmt":"2026-03-29T12:10:51","slug":"acronyc","status":"publish","type":"product","link":"https:\/\/acronyc.de\/en\/product\/acronyc\/","title":{"rendered":"ACRONYC (Deutsch)"},"content":{"rendered":"<h2>ARONYC<\/h2>\n<p>208 pages, DIN A4, hardcover<\/p>\n<p><img decoding=\"async\" class=\"emoji\" role=\"img\" draggable=\"false\" src=\"https:\/\/s.w.org\/images\/core\/emoji\/14.0.0\/svg\/2600.svg\" alt=\"\u2600\ufe0f\" \/>40 asanas<br \/>\n<img decoding=\"async\" class=\"emoji\" role=\"img\" draggable=\"false\" src=\"https:\/\/s.w.org\/images\/core\/emoji\/14.0.0\/svg\/1f340.svg\" alt=\"\ud83c\udf40\" \/>185 Transitions &amp;<br \/>\n\ud83d\udc12 108 Washing Machines<\/p>\n<p>Here you will learn the cheerful art of acroyoga step by step on over 200 pages or deepen your existing knowledge. From simple steps for beginners to whips and icarians for advanced students, everything is covered. Detailed photos and descriptions take you into the world of acroyoga and invite you to get creative with your own combinations.<\/p>\n<p>The two main sections, \"Asanas\" and \"Washing Machines,\" each have a table of contents of all the positions presented for quick retrieval.<\/p>\n<p>The idea of Acronyc is to reflect the principles at work in acrobatics as holistically as possible.<\/p>\n<p>Thus, the reader finds a coherent architecture that unites the broad spectrum of acrobatic movements in a clear and vivid way.<\/p>\n<p>&nbsp;<\/p>\n<p>&nbsp;<\/p>","protected":false},"excerpt":{"rendered":"<p>ARONYC 208 Seiten, DIN A4, Hardcover 40 Asanas 185 Transitions &amp; \ud83d\udc12 108 Washing Machines Hier lernt ihr auf \u00fcber 200 Seiten Schritt f\u00fcr Schritt die fr\u00f6hliche Kunst des Acroyogas kennen oder vertieft euer vorhandenes Wissen. Von einfachen Steps f\u00fcr Anf\u00e4nger bis hin zu Whips und Icarians f\u00fcr Fortgeschrittene ist alles geboten. Detaillierte Fotos und [&hellip;]<\/p>","protected":false},"featured_media":2279,"template":"","meta":{"ocean_post_layout":"","ocean_both_sidebars_style":"","ocean_both_sidebars_content_width":0,"ocean_both_sidebars_sidebars_width":0,"ocean_sidebar":"0","ocean_second_sidebar":"0","ocean_disable_margins":"enable","ocean_add_body_class":"","ocean_shortcode_before_top_bar":"","ocean_shortcode_after_top_bar":"","ocean_shortcode_before_header":"","ocean_shortcode_after_header":"","ocean_has_shortcode":"","ocean_shortcode_after_title":"","ocean_shortcode_before_footer_widgets":"","ocean_shortcode_after_footer_widgets":"","ocean_shortcode_before_footer_bottom":"","ocean_shortcode_after_footer_bottom":"","ocean_display_top_bar":"default","ocean_display_header":"default","ocean_header_style":"","ocean_center_header_left_menu":"0","ocean_custom_header_template":"0","ocean_custom_logo":0,"ocean_custom_retina_logo":0,"ocean_custom_logo_max_width":0,"ocean_custom_logo_tablet_max_width":0,"ocean_custom_logo_mobile_max_width":0,"ocean_custom_logo_max_height":0,"ocean_custom_logo_tablet_max_height":0,"ocean_custom_logo_mobile_max_height":0,"ocean_header_custom_menu":"0","ocean_menu_typo_font_family":"0","ocean_menu_typo_font_subset":"","ocean_menu_typo_font_size":0,"ocean_menu_typo_font_size_tablet":0,"ocean_menu_typo_font_size_mobile":0,"ocean_menu_typo_font_size_unit":"px","ocean_menu_typo_font_weight":"","ocean_menu_typo_font_weight_tablet":"","ocean_menu_typo_font_weight_mobile":"","ocean_menu_typo_transform":"","ocean_menu_typo_transform_tablet":"","ocean_menu_typo_transform_mobile":"","ocean_menu_typo_line_height":0,"ocean_menu_typo_line_height_tablet":0,"ocean_menu_typo_line_height_mobile":0,"ocean_menu_typo_line_height_unit":"","ocean_menu_typo_spacing":0,"ocean_menu_typo_spacing_tablet":0,"ocean_menu_typo_spacing_mobile":0,"ocean_menu_typo_spacing_unit":"","ocean_menu_link_color":"","ocean_menu_link_color_hover":"","ocean_menu_link_color_active":"","ocean_menu_link_background":"","ocean_menu_link_hover_background":"","ocean_menu_link_active_background":"","ocean_menu_social_links_bg":"","ocean_menu_social_hover_links_bg":"","ocean_menu_social_links_color":"","ocean_menu_social_hover_links_color":"","ocean_disable_title":"default","ocean_disable_heading":"default","ocean_post_title":"","ocean_post_subheading":"","ocean_post_title_style":"","ocean_post_title_background_color":"","ocean_post_title_background":0,"ocean_post_title_bg_image_position":"","ocean_post_title_bg_image_attachment":"","ocean_post_title_bg_image_repeat":"","ocean_post_title_bg_image_size":"","ocean_post_title_height":0,"ocean_post_title_bg_overlay":0.5,"ocean_post_title_bg_overlay_color":"","ocean_disable_breadcrumbs":"default","ocean_breadcrumbs_color":"","ocean_breadcrumbs_separator_color":"","ocean_breadcrumbs_links_color":"","ocean_breadcrumbs_links_hover_color":"","ocean_display_footer_widgets":"default","ocean_display_footer_bottom":"default","ocean_custom_footer_template":"0"},"product_brand":[],"product_cat":[16],"product_tag":[],"class_list":{"0":"post-151","1":"product","2":"type-product","3":"status-publish","4":"has-post-thumbnail","6":"product_cat-buch","8":"entry","9":"has-media","11":"first","12":"instock","13":"taxable","14":"shipping-taxable","15":"purchasable","16":"product-type-simple","17":"has-product-nav","18":"col","19":"span_1_of_3","20":"owp-content-center","21":"owp-thumbs-layout-horizontal","22":"owp-btn-normal","23":"owp-tabs-layout-horizontal","24":"has-no-thumbnails"},"yoast_head":"<!-- This site is optimized with the Yoast SEO plugin v19.6.1 - https:\/\/yoast.com\/wordpress\/plugins\/seo\/ -->\n<title>ACRONYC (Deutsch) - Acronyc<\/title>\n<meta name=\"description\" content=\"Acroyoga Book, Acrobatic Book, Washing Machines Book\" \/>\n<meta name=\"robots\" content=\"index, follow, max-snippet:-1, max-image-preview:large, max-video-preview:-1\" \/>\n<link rel=\"canonical\" href=\"https:\/\/acronyc.de\/en\/product\/acronyc\/\" \/>\n<meta property=\"og:locale\" content=\"en_US\" \/>\n<meta property=\"og:type\" content=\"article\" \/>\n<meta property=\"og:title\" content=\"ACRONYC (Deutsch) - Acronyc\" \/>\n<meta property=\"og:description\" content=\"Acroyoga Book, Acrobatic Book, Washing Machines Book\" \/>\n<meta property=\"og:url\" content=\"https:\/\/acronyc.de\/en\/product\/acronyc\/\" \/>\n<meta property=\"og:site_name\" content=\"Acronyc\" \/>\n<meta property=\"article:modified_time\" content=\"2026-03-29T12:10:51+00:00\" \/>\n<meta property=\"og:image\" content=\"https:\/\/acronyc.de\/wp-content\/uploads\/2026\/02\/61312BP0QeL._SL1500_.jpg\" \/>\n\t<meta property=\"og:image:width\" content=\"1500\" \/>\n\t<meta property=\"og:image:height\" content=\"1383\" \/>\n\t<meta property=\"og:image:type\" content=\"image\/jpeg\" \/>\n<meta name=\"twitter:card\" content=\"summary_large_image\" \/>\n<meta name=\"twitter:label1\" content=\"Est. reading time\" \/>\n\t<meta name=\"twitter:data1\" content=\"2 minutes\" \/>\n<script type=\"application\/ld+json\" class=\"yoast-schema-graph\">{\"@context\":\"https:\/\/schema.org\",\"@graph\":[{\"@type\":\"WebPage\",\"@id\":\"https:\/\/acronyc.de\/produkt\/acronyc\/\",\"url\":\"https:\/\/acronyc.de\/produkt\/acronyc\/\",\"name\":\"ACRONYC (Deutsch) - Acronyc\",\"isPartOf\":{\"@id\":\"https:\/\/acronyc.de\/#website\"},\"datePublished\":\"2022-01-05T13:53:28+00:00\",\"dateModified\":\"2026-03-29T12:10:51+00:00\",\"description\":\"Acroyoga Book, Acrobatic Book, Washing Machines Book\",\"breadcrumb\":{\"@id\":\"https:\/\/acronyc.de\/produkt\/acronyc\/#breadcrumb\"},\"inLanguage\":\"en-US\",\"potentialAction\":[{\"@type\":\"ReadAction\",\"target\":[\"https:\/\/acronyc.de\/produkt\/acronyc\/\"]}]},{\"@type\":\"BreadcrumbList\",\"@id\":\"https:\/\/acronyc.de\/produkt\/acronyc\/#breadcrumb\",\"itemListElement\":[{\"@type\":\"ListItem\",\"position\":1,\"name\":\"Startseite\",\"item\":\"https:\/\/acronyc.de\/\"},{\"@type\":\"ListItem\",\"position\":2,\"name\":\"Shop\",\"item\":\"https:\/\/acronyc.de\/shop\/\"},{\"@type\":\"ListItem\",\"position\":3,\"name\":\"ACRONYC (Deutsch)\"}]},{\"@type\":\"WebSite\",\"@id\":\"https:\/\/acronyc.de\/#website\",\"url\":\"https:\/\/acronyc.de\/\",\"name\":\"Acronyc\",\"description\":\"Ein Buch mit 40 Asanas, 185 Transition und 108 Washing Machines f\u00fcr alle Acro Yogis und Akrobatik Liebhaber.\",\"potentialAction\":[{\"@type\":\"SearchAction\",\"target\":{\"@type\":\"EntryPoint\",\"urlTemplate\":\"https:\/\/acronyc.de\/?s={search_term_string}\"},\"query-input\":\"required name=search_term_string\"}],\"inLanguage\":\"en-US\"}]}<\/script>\n<!-- \/ Yoast SEO plugin. -->","yoast_head_json":{"title":"ACRONYC (Deutsch) - Acronyc","description":"Acroyoga Book, Acrobatic Book, Washing Machines Book","robots":{"index":"index","follow":"follow","max-snippet":"max-snippet:-1","max-image-preview":"max-image-preview:large","max-video-preview":"max-video-preview:-1"},"canonical":"https:\/\/acronyc.de\/en\/product\/acronyc\/","og_locale":"en_US","og_type":"article","og_title":"ACRONYC (Deutsch) - Acronyc","og_description":"Acroyoga Book, Acrobatic Book, Washing Machines Book","og_url":"https:\/\/acronyc.de\/en\/product\/acronyc\/","og_site_name":"Acronyc","article_modified_time":"2026-03-29T12:10:51+00:00","og_image":[{"width":1500,"height":1383,"url":"https:\/\/acronyc.de\/wp-content\/uploads\/2026\/02\/61312BP0QeL._SL1500_.jpg","type":"image\/jpeg"}],"twitter_card":"summary_large_image","twitter_misc":{"Est. reading time":"2 minutes"},"schema":{"@context":"https:\/\/schema.org","@graph":[{"@type":"WebPage","@id":"https:\/\/acronyc.de\/produkt\/acronyc\/","url":"https:\/\/acronyc.de\/produkt\/acronyc\/","name":"ACRONYC (Deutsch) - Acronyc","isPartOf":{"@id":"https:\/\/acronyc.de\/#website"},"datePublished":"2022-01-05T13:53:28+00:00","dateModified":"2026-03-29T12:10:51+00:00","description":"Acroyoga Book, Acrobatic Book, Washing Machines Book","breadcrumb":{"@id":"https:\/\/acronyc.de\/produkt\/acronyc\/#breadcrumb"},"inLanguage":"en-US","potentialAction":[{"@type":"ReadAction","target":["https:\/\/acronyc.de\/produkt\/acronyc\/"]}]},{"@type":"BreadcrumbList","@id":"https:\/\/acronyc.de\/produkt\/acronyc\/#breadcrumb","itemListElement":[{"@type":"ListItem","position":1,"name":"Startseite","item":"https:\/\/acronyc.de\/"},{"@type":"ListItem","position":2,"name":"Shop","item":"https:\/\/acronyc.de\/shop\/"},{"@type":"ListItem","position":3,"name":"ACRONYC (Deutsch)"}]},{"@type":"WebSite","@id":"https:\/\/acronyc.de\/#website","url":"https:\/\/acronyc.de\/","name":"Acronyc","description":"Ein Buch mit 40 Asanas, 185 Transition und 108 Washing Machines f\u00fcr alle Acro Yogis und Akrobatik Liebhaber.","potentialAction":[{"@type":"SearchAction","target":{"@type":"EntryPoint","urlTemplate":"https:\/\/acronyc.de\/?s={search_term_string}"},"query-input":"required name=search_term_string"}],"inLanguage":"en-US"}]}},"jetpack_sharing_enabled":true,"_links":{"self":[{"href":"https:\/\/acronyc.de\/en\/wp-json\/wp\/v2\/product\/151","targetHints":{"allow":["GET"]}}],"collection":[{"href":"https:\/\/acronyc.de\/en\/wp-json\/wp\/v2\/product"}],"about":[{"href":"https:\/\/acronyc.de\/en\/wp-json\/wp\/v2\/types\/product"}],"wp:featuredmedia":[{"embeddable":true,"href":"https:\/\/acronyc.de\/en\/wp-json\/wp\/v2\/media\/2279"}],"wp:attachment":[{"href":"https:\/\/acronyc.de\/en\/wp-json\/wp\/v2\/media?parent=151"}],"wp:term":[{"taxonomy":"product_brand","embeddable":true,"href":"https:\/\/acronyc.de\/en\/wp-json\/wp\/v2\/product_brand?post=151"},{"taxonomy":"product_cat","embeddable":true,"href":"https:\/\/acronyc.de\/en\/wp-json\/wp\/v2\/product_cat?post=151"},{"taxonomy":"product_tag","embeddable":true,"href":"https:\/\/acronyc.de\/en\/wp-json\/wp\/v2\/product_tag?post=151"}],"curies":[{"name":"wp","href":"https:\/\/api.w.org\/{rel}","templated":true}]}}